{"id":43,"date":"2019-09-01T07:41:00","date_gmt":"2019-09-01T07:41:00","guid":{"rendered":"http:\/\/khoaanh.ufl.udn.vn\/eng\/?page_id=43"},"modified":"2023-02-23T07:44:53","modified_gmt":"2023-02-23T07:44:53","slug":"doctoral-candidate","status":"publish","type":"page","link":"https:\/\/khoaanh.ufl.udn.vn\/eng\/doctoral-candidate\/","title":{"rendered":"Doctoral candidate"},"content":{"rendered":"\n<figure class=\"wp-block-table\"><table><tbody><tr><td><strong>Full na<\/strong>m<strong>e:<\/strong><\/td><td>&nbsp;Tr\u1ea7n H\u1eefu Thu\u1ea7n<\/td><\/tr><tr><td><strong>Gender:<\/strong><\/td><td>&nbsp;Male<\/td><\/tr><tr><td><strong>Date of Birth:<\/strong><\/td><td>&nbsp;17\/07\/1987<\/td><\/tr><tr><td><strong>Place of Birth:<\/strong><\/td><td>&nbsp;\u0110\u00e0 N\u1eb5ng<\/td><\/tr><tr><td><strong>Place of Origin<\/strong><\/td><td>&nbsp;H\u00f2a Kh\u01b0\u01a1ng, H\u00f2a Vang, \u0110\u00e0 N\u1eb5ng<\/td><\/tr><tr><td>M<strong>ajor:<\/strong><\/td><td>&nbsp;English; &nbsp;University of Foreign Language Studies &#8211; University of Danang<\/td><\/tr><tr><td><strong>Workplace:<\/strong><\/td><td>&nbsp;Faculty of English; University of Foreign Language Studies &#8211; University of Danang<\/td><\/tr><tr><td><strong>Position:<\/strong><\/td><td>&nbsp;Deputy Secretary of Youth Union<\/td><\/tr><tr><td><strong>Degree:<\/strong><\/td><td>&nbsp;MA;&nbsp;<strong>:<\/strong>&nbsp;2014; M<strong>ajor:<\/strong>&nbsp;The English Language;&nbsp; University of Danang<\/td><\/tr><tr><td><strong>Area of interest:<\/strong><\/td><td>&nbsp;Linguistics, TESOL<\/td><\/tr><tr><td><strong>Foreign language:<\/strong><\/td><td>&nbsp;French<\/td><\/tr><tr><td><strong>Address:<\/strong><\/td><td>&nbsp;Faculty of English, University of Foreign Language Studies &#8211; University of Danang<\/td><\/tr><tr><td><strong>Phone:<\/strong><\/td><td>&nbsp;02363.699.693; M<strong>obile:<\/strong>&nbsp;0935.166.202<\/td><\/tr><tr><td><strong>E<\/strong>m<strong>ail:<\/strong><\/td><td>&nbsp;ththuan@ufl.udn.vn<\/td><\/tr><\/tbody><\/table><\/figure>\n\n\n\n<p><strong>WORK EXPERIENCE<\/strong><\/p>\n\n\n\n<p><strong>&#8211; 2009 until now: Academic secretary<\/strong><\/p>\n\n\n\n<p><strong>Workplace: Faculty of English, University of Foreign Language Studies \u2013 University of Danang<\/strong><\/p>\n\n\n\n<p><strong>&#8211; 2012 &#8211; 2014: studying master degree at University of Foreign Language Studies \u2013 University of Danang<\/strong><\/p>\n\n\n\n<p><strong>Master thesis defense in 2014; Title of the thesis: \u201cA Study of Appreciation in Football Commentaries in English and Vietnamese\u201d; Supervisor: Dr. Ng\u0169 Thi\u1ec7n H\u00f9ng<\/strong><\/p>\n\n\n\n<p><strong>&#8211; 2017 until now: Candidate for doctorate degree;<\/strong><\/p>\n\n\n\n<p><strong>Title of the doctoral thesis: \u201cLinguistic Expressions of Appreciation and Graduation in English and Vietnamese Sport Commentaries\u201d<\/strong><\/p>\n\n\n\n<p><strong>Supervisor 1: Dr. Ng\u0169 Thi\u1ec7n H\u00f9ng, Supervisor 2: Dr. L\u00ea Th\u1ecb Giao Chi<\/strong><\/p>\n\n\n\n<p><strong>&#8211; Courses &amp; Subjects: Basic English Grammar, Phonetics &amp; Phonology<\/strong><\/p>\n\n\n\n<figure class=\"wp-block-table\"><table><tbody><tr><td>[1]<\/td><td><strong>Article:<\/strong>&nbsp;<strong>Nghi\u00ean c\u1ee9u v\u1ec1 Ch\u1ee9c n\u0103ng \u0110\u00e1nh gi\u00e1 trong B\u00ecnh lu\u1eadn B\u00f3ng \u0111\u00e1 trong ti\u1ebfng Anh v\u00e0 ti\u1ebfng Vi\u1ec7t theo L\u00fd thuy\u1ebft Th\u1ea9<\/strong>m<strong>&nbsp;\u0111\u1ecbnh.&nbsp;<\/strong>An Investigation into Appreciation in Sport Commentaries in English and Vietnamese. Tr\u1ea7n H\u1eefu Thu\u1ea7n- Co-author: Ng\u0169 Thi\u1ec7n H\u00f9ng -. Journal of Language and Life. Vol: 11 (253). pp: 29-32.&nbsp; 2016.&nbsp;(Oct 10 2017 10:50AM)<\/td><\/tr><\/tbody><\/table><\/figure>\n","protected":false},"excerpt":{"rendered":"<p>Full name: &nbsp;Tr\u1ea7n H\u1eefu Thu\u1ea7n Gender: &nbsp;Male Date of Birth: &nbsp;17\/07\/1987 Place of Birth: &nbsp;\u0110\u00e0 N\u1eb5ng Place of Origin &nbsp;H\u00f2a<\/p>\n","protected":false},"author":1,"featured_media":0,"parent":0,"menu_order":0,"comment_status":"closed","ping_status":"closed","template":"","meta":{"footnotes":""},"_links":{"self":[{"href":"https:\/\/khoaanh.ufl.udn.vn\/eng\/wp-json\/wp\/v2\/pages\/43"}],"collection":[{"href":"https:\/\/khoaanh.ufl.udn.vn\/eng\/wp-json\/wp\/v2\/pages"}],"about":[{"href":"https:\/\/khoaanh.ufl.udn.vn\/eng\/wp-json\/wp\/v2\/types\/page"}],"author":[{"embeddable":true,"href":"https:\/\/khoaanh.ufl.udn.vn\/eng\/wp-json\/wp\/v2\/users\/1"}],"replies":[{"embeddable":true,"href":"https:\/\/khoaanh.ufl.udn.vn\/eng\/wp-json\/wp\/v2\/comments?post=43"}],"version-history":[{"count":2,"href":"https:\/\/khoaanh.ufl.udn.vn\/eng\/wp-json\/wp\/v2\/pages\/43\/revisions"}],"predecessor-version":[{"id":47,"href":"https:\/\/khoaanh.ufl.udn.vn\/eng\/wp-json\/wp\/v2\/pages\/43\/revisions\/47"}],"wp:attachment":[{"href":"https:\/\/khoaanh.ufl.udn.vn\/eng\/wp-json\/wp\/v2\/media?parent=43"}],"curies":[{"name":"wp","href":"https:\/\/api.w.org\/{rel}","templated":true}]}}